{"id":221,"date":"2024-08-05T15:48:46","date_gmt":"2024-08-05T20:48:46","guid":{"rendered":"https:\/\/fihnec.com.co\/?page_id=221"},"modified":"2024-10-29T11:29:01","modified_gmt":"2024-10-29T16:29:01","slug":"servicios","status":"publish","type":"page","link":"https:\/\/aringserv.com\/aweb\/servicios\/","title":{"rendered":"Servicios"},"content":{"rendered":"\t\t<div data-elementor-type=\"wp-page\" data-elementor-id=\"221\" class=\"elementor elementor-221\">\n\t\t\t\t\t\t<section class=\"elementor-section elementor-top-section elementor-element elementor-element-29fdcca elementor-section-full_width elementor-section-stretched elementor-section-height-default elementor-section-height-default\" data-id=\"29fdcca\" data-element_type=\"section\" data-settings=\"{&quot;stretch_section&quot;:&quot;section-stretched&quot;,&quot;background_background&quot;:&quot;classic&quot;}\">\n\t\t\t\t\t\t<div class=\"elementor-container elementor-column-gap-no\">\n\t\t\t\t\t<div class=\"elementor-column elementor-col-100 elementor-top-column elementor-element elementor-element-5eb2b8d\" data-id=\"5eb2b8d\" data-element_type=\"column\">\n\t\t\t<div class=\"elementor-widget-wrap elementor-element-populated\">\n\t\t\t\t\t\t<section class=\"elementor-section elementor-inner-section elementor-element elementor-element-a0b9e6b elementor-section-full_width elementor-section-height-default elementor-section-height-default\" data-id=\"a0b9e6b\" data-element_type=\"section\">\n\t\t\t\t\t\t<div class=\"elementor-container elementor-column-gap-default\">\n\t\t\t\t\t<div class=\"elementor-column elementor-col-50 elementor-inner-column elementor-element elementor-element-d421165\" data-id=\"d421165\" data-element_type=\"column\" data-settings=\"{&quot;background_background&quot;:&quot;classic&quot;}\">\n\t\t\t<div class=\"elementor-widget-wrap elementor-element-populated\">\n\t\t\t\t\t\t<div class=\"elementor-element elementor-element-d378e75 elementor-widget elementor-widget-heading\" data-id=\"d378e75\" data-element_type=\"widget\" data-widget_type=\"heading.default\">\n\t\t\t\t<div class=\"elementor-widget-container\">\n\t\t\t<style>\/*! elementor - v3.23.0 - 15-07-2024 *\/\n.elementor-heading-title{padding:0;margin:0;line-height:1}.elementor-widget-heading .elementor-heading-title[class*=elementor-size-]>a{color:inherit;font-size:inherit;line-height:inherit}.elementor-widget-heading .elementor-heading-title.elementor-size-small{font-size:15px}.elementor-widget-heading .elementor-heading-title.elementor-size-medium{font-size:19px}.elementor-widget-heading .elementor-heading-title.elementor-size-large{font-size:29px}.elementor-widget-heading .elementor-heading-title.elementor-size-xl{font-size:39px}.elementor-widget-heading .elementor-heading-title.elementor-size-xxl{font-size:59px}<\/style><h6 class=\"elementor-heading-title elementor-size-default\">ARINGSERV<\/h6>\t\t<\/div>\n\t\t\t\t<\/div>\n\t\t\t\t<div class=\"elementor-element elementor-element-704027f elementor-widget elementor-widget-heading\" data-id=\"704027f\" data-element_type=\"widget\" data-widget_type=\"heading.default\">\n\t\t\t\t<div class=\"elementor-widget-container\">\n\t\t\t<h2 class=\"elementor-heading-title elementor-size-default\">Portafolio  <span style=\"color:#D94D20\">de<\/span> servicios<\/h2>\t\t<\/div>\n\t\t\t\t<\/div>\n\t\t\t\t\t<\/div>\n\t\t<\/div>\n\t\t\t\t<div class=\"elementor-column elementor-col-50 elementor-inner-column elementor-element elementor-element-53ab997\" data-id=\"53ab997\" data-element_type=\"column\">\n\t\t\t<div class=\"elementor-widget-wrap\">\n\t\t\t\t\t\t\t<\/div>\n\t\t<\/div>\n\t\t\t\t\t<\/div>\n\t\t<\/section>\n\t\t\t\t\t<\/div>\n\t\t<\/div>\n\t\t\t\t\t<\/div>\n\t\t<\/section>\n\t\t\t\t<section class=\"elementor-section elementor-top-section elementor-element elementor-element-cbed458 elementor-section-stretched elementor-section-boxed elementor-section-height-default elementor-section-height-default\" data-id=\"cbed458\" data-element_type=\"section\" data-settings=\"{&quot;stretch_section&quot;:&quot;section-stretched&quot;}\">\n\t\t\t\t\t\t<div class=\"elementor-container elementor-column-gap-wider\">\n\t\t\t\t\t<div class=\"elementor-column elementor-col-100 elementor-top-column elementor-element elementor-element-fef3f8f\" data-id=\"fef3f8f\" data-element_type=\"column\">\n\t\t\t<div class=\"elementor-widget-wrap\">\n\t\t\t\t\t\t\t<\/div>\n\t\t<\/div>\n\t\t\t\t\t<\/div>\n\t\t<\/section>\n\t\t<div class=\"elementor-element elementor-element-fd036ee e-flex e-con-boxed e-con e-parent\" data-id=\"fd036ee\" data-element_type=\"container\">\n\t\t\t\t\t<div class=\"e-con-inner\">\n\t\t<div class=\"elementor-element elementor-element-1223424 e-con-full e-flex e-con e-child\" data-id=\"1223424\" data-element_type=\"container\">\n\t\t\t\t<div class=\"elementor-element elementor-element-1b90a0e elementor-widget elementor-widget-image\" data-id=\"1b90a0e\" data-element_type=\"widget\" data-widget_type=\"image.default\">\n\t\t\t\t<div class=\"elementor-widget-container\">\n\t\t\t<style>\/*! elementor - v3.23.0 - 15-07-2024 *\/\n.elementor-widget-image{text-align:center}.elementor-widget-image a{display:inline-block}.elementor-widget-image a img[src$=\".svg\"]{width:48px}.elementor-widget-image img{vertical-align:middle;display:inline-block}<\/style>\t\t\t\t\t\t\t\t\t\t<img fetchpriority=\"high\" decoding=\"async\" width=\"400\" height=\"251\" src=\"https:\/\/aringserv.com\/aweb\/wp-content\/uploads\/2024\/08\/img-arquitectura.jpg\" class=\"attachment-large size-large wp-image-236\" alt=\"arquitectura\" srcset=\"https:\/\/aringserv.com\/aweb\/wp-content\/uploads\/2024\/08\/img-arquitectura.jpg 400w, https:\/\/aringserv.com\/aweb\/wp-content\/uploads\/2024\/08\/img-arquitectura-300x188.jpg 300w, https:\/\/aringserv.com\/aweb\/wp-content\/uploads\/2024\/08\/img-arquitectura-120x75.jpg 120w\" sizes=\"(max-width:767px) 400px, 400px\" \/>\t\t\t\t\t\t\t\t\t\t\t\t\t<\/div>\n\t\t\t\t<\/div>\n\t\t\t\t<div class=\"elementor-element elementor-element-f8e3890 elementor-widget elementor-widget-text-editor\" data-id=\"f8e3890\" data-element_type=\"widget\" data-widget_type=\"text-editor.default\">\n\t\t\t\t<div class=\"elementor-widget-container\">\n\t\t\t<style>\/*! elementor - v3.23.0 - 15-07-2024 *\/\n.elementor-widget-text-editor.elementor-drop-cap-view-stacked .elementor-drop-cap{background-color:#69727d;color:#fff}.elementor-widget-text-editor.elementor-drop-cap-view-framed .elementor-drop-cap{color:#69727d;border:3px solid;background-color:transparent}.elementor-widget-text-editor:not(.elementor-drop-cap-view-default) .elementor-drop-cap{margin-top:8px}.elementor-widget-text-editor:not(.elementor-drop-cap-view-default) .elementor-drop-cap-letter{width:1em;height:1em}.elementor-widget-text-editor .elementor-drop-cap{float:left;text-align:center;line-height:1;font-size:50px}.elementor-widget-text-editor .elementor-drop-cap-letter{display:inline-block}<\/style>\t\t\t\t<h4>ARQUITECTURA<\/h4>\n<p><b>Dise\u00f1os<\/b>:<\/p>\n<p>Arquitect\u00f3nicos: obras nuevas &#8211; restauraciones \u2013 reformas &#8211; y &#8211; ampliaciones.<\/p>\n<p>Dise\u00f1o de interiores.<\/p>\n<p>Dise\u00f1o de espacios.<\/p>\n<p>Paisajismo<\/p>\n<p>Digitaci\u00f3n e impresi\u00f3n de planos.<\/p>\n<p><strong>Costos y Presupuestos<\/strong><\/p>\n<p>Cantidades de obras.<\/p>\n<p>An\u00e1lisis precios unit\u00e1rios.<\/p>\n<p>Programaci\u00f3n y control de obras.<\/p>\n<p>Flujos de caja.<\/p>\n<p>Topograf\u00eda y peritajes<\/p>\t\t\t\t\t\t<\/div>\n\t\t\t\t<\/div>\n\t\t\t\t<\/div>\n\t\t<div class=\"elementor-element elementor-element-edd2d80 e-con-full e-flex e-con e-child\" data-id=\"edd2d80\" data-element_type=\"container\">\n\t\t\t\t<div class=\"elementor-element elementor-element-ed60fe6 elementor-widget elementor-widget-image\" data-id=\"ed60fe6\" data-element_type=\"widget\" data-widget_type=\"image.default\">\n\t\t\t\t<div class=\"elementor-widget-container\">\n\t\t\t\t\t\t\t\t\t\t\t\t\t<img decoding=\"async\" width=\"400\" height=\"251\" src=\"https:\/\/aringserv.com\/aweb\/wp-content\/uploads\/2024\/08\/img-ingenierias-1.jpg\" class=\"attachment-large size-large wp-image-268\" alt=\"ingenieria\" srcset=\"https:\/\/aringserv.com\/aweb\/wp-content\/uploads\/2024\/08\/img-ingenierias-1.jpg 400w, https:\/\/aringserv.com\/aweb\/wp-content\/uploads\/2024\/08\/img-ingenierias-1-300x188.jpg 300w, https:\/\/aringserv.com\/aweb\/wp-content\/uploads\/2024\/08\/img-ingenierias-1-120x75.jpg 120w\" sizes=\"(max-width:767px) 400px, 400px\" \/>\t\t\t\t\t\t\t\t\t\t\t\t\t<\/div>\n\t\t\t\t<\/div>\n\t\t\t\t<div class=\"elementor-element elementor-element-9993070 elementor-widget elementor-widget-text-editor\" data-id=\"9993070\" data-element_type=\"widget\" data-widget_type=\"text-editor.default\">\n\t\t\t\t<div class=\"elementor-widget-container\">\n\t\t\t\t\t\t\t<h4>INGENIERIAS<\/h4><p><strong>Civil<\/strong>:<\/p><p>Estudios de suelos.<\/p><p>Dise\u00f1os y c\u00e1lculos estructurales.<\/p><p>Estudios patolog\u00eda de la construcci\u00f3n.<\/p><p><strong>Hidrosanitaria<\/strong><\/p><p>Dise\u00f1os y c\u00e1lculos de:<\/p><p>Acueductos, alcantarillados, hidrantes.<\/p><p>Plantas tratamiento aguas servidas.<\/p><p>Estaciones de bombeo.<\/p><p>Riegos.<\/p><p>Instalaciones domiciliarias.<\/p><p>Redes contra incendios.<\/p><p>Instalaciones especiales (gases medicinales, vacios, bancos de gases)<\/p><p><strong>El\u00e9ctrica<\/strong>:<\/p><p>Dise\u00f1os y c\u00e1lculos de:<\/p><p>Redes.<\/p><p>Alumbrado p\u00fablico.<\/p><p>Redes domiciliarias.<\/p><p>P\u00e1neles solares.<\/p>\t\t\t\t\t\t<\/div>\n\t\t\t\t<\/div>\n\t\t\t\t<\/div>\n\t\t<div class=\"elementor-element elementor-element-0097eff e-con-full e-flex e-con e-child\" data-id=\"0097eff\" data-element_type=\"container\">\n\t\t\t\t<div class=\"elementor-element elementor-element-8505d0c elementor-widget elementor-widget-image\" data-id=\"8505d0c\" data-element_type=\"widget\" data-widget_type=\"image.default\">\n\t\t\t\t<div class=\"elementor-widget-container\">\n\t\t\t\t\t\t\t\t\t\t\t\t\t<img decoding=\"async\" width=\"400\" height=\"251\" src=\"https:\/\/aringserv.com\/aweb\/wp-content\/uploads\/2024\/08\/img-otros-servicios.jpg\" class=\"attachment-large size-large wp-image-270\" alt=\"\" srcset=\"https:\/\/aringserv.com\/aweb\/wp-content\/uploads\/2024\/08\/img-otros-servicios.jpg 400w, https:\/\/aringserv.com\/aweb\/wp-content\/uploads\/2024\/08\/img-otros-servicios-300x188.jpg 300w, https:\/\/aringserv.com\/aweb\/wp-content\/uploads\/2024\/08\/img-otros-servicios-120x75.jpg 120w\" sizes=\"(max-width:767px) 400px, 400px\" \/>\t\t\t\t\t\t\t\t\t\t\t\t\t<\/div>\n\t\t\t\t<\/div>\n\t\t\t\t<div class=\"elementor-element elementor-element-f5f9768 elementor-widget elementor-widget-text-editor\" data-id=\"f5f9768\" data-element_type=\"widget\" data-widget_type=\"text-editor.default\">\n\t\t\t\t<div class=\"elementor-widget-container\">\n\t\t\t\t\t\t\t<h4>OTROS SERVICIOS<\/h4><p>Bim.<\/p><p>Revit.<\/p><p>3D.<\/p><p>Renders y animaciones.<\/p><p>Mantenimientos p\u00e1ginas web.<\/p><p>Aval\u00faos, desenglobles y reloteos.<\/p><p>An\u00e1lisis de factibilidad para proyectos,\u00a0 construcciones, compras y ventas inmobiliarias.<\/p><p>Planes de ordenamiento territorial POT.<\/p><p>Asesor\u00edas en ventas de proyectos inmobiliarios.<\/p><p>Direcci\u00f3n manejo y control de proyectos de construcci\u00f3n; de desarrollo de licitaciones; de comercializaci\u00f3n, oferta y ventas de proyectos inmobiliarios.<\/p><p>Consultor\u00eda en \u00e1reas de edificaciones, redes e infraestructura de obras civiles.<\/p><p>Interventor\u00eda y supervisi\u00f3n de obras.<\/p><p>Consultor\u00eda en la implementaci\u00f3n, mantenimiento y mejoramiento de sistemas de aseguramiento de calidad.<\/p><p>Asesor\u00eda y an\u00e1lisis de procesos constructivos durante el desarrollo de obras civiles y arquitect\u00f3nicas bajo la norma ISO 9000.<\/p><p>Direcci\u00f3n, manejo y control de laboratorios de suelos y concretos.<\/p>\t\t\t\t\t\t<\/div>\n\t\t\t\t<\/div>\n\t\t\t\t<\/div>\n\t\t<div class=\"elementor-element elementor-element-2f2c638 e-con-full e-flex e-con e-child\" data-id=\"2f2c638\" data-element_type=\"container\">\n\t\t\t\t<div class=\"elementor-element elementor-element-59ef495 elementor-widget elementor-widget-image\" data-id=\"59ef495\" data-element_type=\"widget\" data-widget_type=\"image.default\">\n\t\t\t\t<div class=\"elementor-widget-container\">\n\t\t\t\t\t\t\t\t\t\t\t\t\t<img loading=\"lazy\" decoding=\"async\" width=\"400\" height=\"251\" src=\"https:\/\/aringserv.com\/aweb\/wp-content\/uploads\/2024\/08\/img-asesorias.jpg\" class=\"attachment-large size-large wp-image-233\" alt=\"asesorias\" srcset=\"https:\/\/aringserv.com\/aweb\/wp-content\/uploads\/2024\/08\/img-asesorias.jpg 400w, https:\/\/aringserv.com\/aweb\/wp-content\/uploads\/2024\/08\/img-asesorias-300x188.jpg 300w, https:\/\/aringserv.com\/aweb\/wp-content\/uploads\/2024\/08\/img-asesorias-120x75.jpg 120w\" sizes=\"(max-width:767px) 400px, 400px\" \/>\t\t\t\t\t\t\t\t\t\t\t\t\t<\/div>\n\t\t\t\t<\/div>\n\t\t\t\t<div class=\"elementor-element elementor-element-7d44218 elementor-widget elementor-widget-text-editor\" data-id=\"7d44218\" data-element_type=\"widget\" data-widget_type=\"text-editor.default\">\n\t\t\t\t<div class=\"elementor-widget-container\">\n\t\t\t\t\t\t\t<h4>ASESORIAS<\/h4><p>Estudios ambientales<\/p><p>Estudios de prefactibilidad y factibilidad de proyectos.<\/p><p>Gerencias de proyectos.<\/p><p>Gerencia de finanzas de proyectos.<\/p><p>Rentas de corta estancias.<\/p><p>House flipping.<\/p>\t\t\t\t\t\t<\/div>\n\t\t\t\t<\/div>\n\t\t\t\t<\/div>\n\t\t<div class=\"elementor-element elementor-element-7e69848 e-con-full e-flex e-con e-child\" data-id=\"7e69848\" data-element_type=\"container\">\n\t\t\t\t<div class=\"elementor-element elementor-element-4b55a3b elementor-widget elementor-widget-image\" data-id=\"4b55a3b\" data-element_type=\"widget\" data-widget_type=\"image.default\">\n\t\t\t\t<div class=\"elementor-widget-container\">\n\t\t\t\t\t\t\t\t\t\t\t\t\t<img loading=\"lazy\" decoding=\"async\" width=\"400\" height=\"251\" src=\"https:\/\/aringserv.com\/aweb\/wp-content\/uploads\/2024\/08\/img-tramites.jpg\" class=\"attachment-large size-large wp-image-231\" alt=\"tramites\" srcset=\"https:\/\/aringserv.com\/aweb\/wp-content\/uploads\/2024\/08\/img-tramites.jpg 400w, https:\/\/aringserv.com\/aweb\/wp-content\/uploads\/2024\/08\/img-tramites-300x188.jpg 300w, https:\/\/aringserv.com\/aweb\/wp-content\/uploads\/2024\/08\/img-tramites-120x75.jpg 120w\" sizes=\"(max-width:767px) 400px, 400px\" \/>\t\t\t\t\t\t\t\t\t\t\t\t\t<\/div>\n\t\t\t\t<\/div>\n\t\t\t\t<div class=\"elementor-element elementor-element-15a6553 elementor-widget elementor-widget-text-editor\" data-id=\"15a6553\" data-element_type=\"widget\" data-widget_type=\"text-editor.default\">\n\t\t\t\t<div class=\"elementor-widget-container\">\n\t\t\t\t\t\t\t<h4>TRAMITES<\/h4><p>Licencias ambientales.<\/p><p>Licencias de construccion.<\/p><p>Norma rettier.<\/p><p>Avaluos.<\/p><p>Desenglobes.<\/p><p>Alineamientos y otros impuestos.<\/p><p>Entidades financieras.<\/p>\t\t\t\t\t\t<\/div>\n\t\t\t\t<\/div>\n\t\t\t\t<\/div>\n\t\t\t\t\t<\/div>\n\t\t\t\t<\/div>\n\t\t\t\t<\/div>\n\t\t","protected":false},"excerpt":{"rendered":"<p>ARINGSERV Portafolio de servicios ARQUITECTURA Dise\u00f1os: Arquitect\u00f3nicos: obras nuevas &#8211; restauraciones \u2013 reformas &#8211; y &#8211; ampliaciones. Dise\u00f1o de interiores. Dise\u00f1o de espacios. Paisajismo Digitaci\u00f3n e<span class=\"excerpt-hellip\"> [\u2026]<\/span><\/p>\n","protected":false},"author":1,"featured_media":0,"parent":0,"menu_order":0,"comment_status":"open","ping_status":"closed","template":"","meta":{"footnotes":""},"class_list":["post-221","page","type-page","status-publish","hentry"],"yoast_head":"<!-- This site is optimized with the Yoast SEO plugin v23.7 - https:\/\/yoast.com\/wordpress\/plugins\/seo\/ -->\n<title>Servicios - ARINGSERV<\/title>\n<meta name=\"robots\" content=\"index, follow, max-snippet:-1, max-image-preview:large, max-video-preview:-1\" \/>\n<link rel=\"canonical\" href=\"https:\/\/aringserv.com\/aweb\/servicios\/\" \/>\n<meta property=\"og:locale\" content=\"es_ES\" \/>\n<meta property=\"og:type\" content=\"article\" \/>\n<meta property=\"og:title\" content=\"Servicios - ARINGSERV\" \/>\n<meta property=\"og:description\" content=\"ARINGSERV Portafolio de servicios ARQUITECTURA Dise\u00f1os: Arquitect\u00f3nicos: obras nuevas &#8211; restauraciones \u2013 reformas &#8211; y &#8211; ampliaciones. Dise\u00f1o de interiores. Dise\u00f1o de espacios. Paisajismo Digitaci\u00f3n e [\u2026]\" \/>\n<meta property=\"og:url\" content=\"https:\/\/aringserv.com\/aweb\/servicios\/\" \/>\n<meta property=\"og:site_name\" content=\"ARINGSERV\" \/>\n<meta property=\"article:modified_time\" content=\"2024-10-29T16:29:01+00:00\" \/>\n<meta property=\"og:image\" content=\"https:\/\/aringserv.com\/aweb\/wp-content\/uploads\/2024\/08\/img-arquitectura.jpg\" \/>\n\t<meta property=\"og:image:width\" content=\"400\" \/>\n\t<meta property=\"og:image:height\" content=\"251\" \/>\n\t<meta property=\"og:image:type\" content=\"image\/jpeg\" \/>\n<meta name=\"twitter:card\" content=\"summary_large_image\" \/>\n<meta name=\"twitter:label1\" content=\"Tiempo de lectura\" \/>\n\t<meta name=\"twitter:data1\" content=\"3 minutos\" \/>\n<script type=\"application\/ld+json\" class=\"yoast-schema-graph\">{\"@context\":\"https:\/\/schema.org\",\"@graph\":[{\"@type\":\"WebPage\",\"@id\":\"https:\/\/aringserv.com\/aweb\/servicios\/\",\"url\":\"https:\/\/aringserv.com\/aweb\/servicios\/\",\"name\":\"Servicios - ARINGSERV\",\"isPartOf\":{\"@id\":\"https:\/\/aringserv.com\/aweb\/#website\"},\"primaryImageOfPage\":{\"@id\":\"https:\/\/aringserv.com\/aweb\/servicios\/#primaryimage\"},\"image\":{\"@id\":\"https:\/\/aringserv.com\/aweb\/servicios\/#primaryimage\"},\"thumbnailUrl\":\"https:\/\/aringserv.com\/aweb\/wp-content\/uploads\/2024\/08\/img-arquitectura.jpg\",\"datePublished\":\"2024-08-05T20:48:46+00:00\",\"dateModified\":\"2024-10-29T16:29:01+00:00\",\"breadcrumb\":{\"@id\":\"https:\/\/aringserv.com\/aweb\/servicios\/#breadcrumb\"},\"inLanguage\":\"es-CO\",\"potentialAction\":[{\"@type\":\"ReadAction\",\"target\":[\"https:\/\/aringserv.com\/aweb\/servicios\/\"]}]},{\"@type\":\"ImageObject\",\"inLanguage\":\"es-CO\",\"@id\":\"https:\/\/aringserv.com\/aweb\/servicios\/#primaryimage\",\"url\":\"https:\/\/aringserv.com\/aweb\/wp-content\/uploads\/2024\/08\/img-arquitectura.jpg\",\"contentUrl\":\"https:\/\/aringserv.com\/aweb\/wp-content\/uploads\/2024\/08\/img-arquitectura.jpg\",\"width\":400,\"height\":251,\"caption\":\"arquitectura\"},{\"@type\":\"BreadcrumbList\",\"@id\":\"https:\/\/aringserv.com\/aweb\/servicios\/#breadcrumb\",\"itemListElement\":[{\"@type\":\"ListItem\",\"position\":1,\"name\":\"Inicio\",\"item\":\"https:\/\/aringserv.com\/aweb\/\"},{\"@type\":\"ListItem\",\"position\":2,\"name\":\"Servicios\"}]},{\"@type\":\"WebSite\",\"@id\":\"https:\/\/aringserv.com\/aweb\/#website\",\"url\":\"https:\/\/aringserv.com\/aweb\/\",\"name\":\"ARINGSERV\",\"description\":\"ARQUITECTURA \u2013 INGENIERIAS \u2013 TIC \u2013 CONSTRUCCIONES ASESOR\u00cdAS \u2013 SERVICIOS - TR\u00c1MITES\",\"potentialAction\":[{\"@type\":\"SearchAction\",\"target\":{\"@type\":\"EntryPoint\",\"urlTemplate\":\"https:\/\/aringserv.com\/aweb\/?s={search_term_string}\"},\"query-input\":{\"@type\":\"PropertyValueSpecification\",\"valueRequired\":true,\"valueName\":\"search_term_string\"}}],\"inLanguage\":\"es-CO\"}]}<\/script>\n<!-- \/ Yoast SEO plugin. -->","yoast_head_json":{"title":"Servicios - ARINGSERV","robots":{"index":"index","follow":"follow","max-snippet":"max-snippet:-1","max-image-preview":"max-image-preview:large","max-video-preview":"max-video-preview:-1"},"canonical":"https:\/\/aringserv.com\/aweb\/servicios\/","og_locale":"es_ES","og_type":"article","og_title":"Servicios - ARINGSERV","og_description":"ARINGSERV Portafolio de servicios ARQUITECTURA Dise\u00f1os: Arquitect\u00f3nicos: obras nuevas &#8211; restauraciones \u2013 reformas &#8211; y &#8211; ampliaciones. Dise\u00f1o de interiores. Dise\u00f1o de espacios. Paisajismo Digitaci\u00f3n e [\u2026]","og_url":"https:\/\/aringserv.com\/aweb\/servicios\/","og_site_name":"ARINGSERV","article_modified_time":"2024-10-29T16:29:01+00:00","og_image":[{"width":400,"height":251,"url":"https:\/\/aringserv.com\/aweb\/wp-content\/uploads\/2024\/08\/img-arquitectura.jpg","type":"image\/jpeg"}],"twitter_card":"summary_large_image","twitter_misc":{"Tiempo de lectura":"3 minutos"},"schema":{"@context":"https:\/\/schema.org","@graph":[{"@type":"WebPage","@id":"https:\/\/aringserv.com\/aweb\/servicios\/","url":"https:\/\/aringserv.com\/aweb\/servicios\/","name":"Servicios - ARINGSERV","isPartOf":{"@id":"https:\/\/aringserv.com\/aweb\/#website"},"primaryImageOfPage":{"@id":"https:\/\/aringserv.com\/aweb\/servicios\/#primaryimage"},"image":{"@id":"https:\/\/aringserv.com\/aweb\/servicios\/#primaryimage"},"thumbnailUrl":"https:\/\/aringserv.com\/aweb\/wp-content\/uploads\/2024\/08\/img-arquitectura.jpg","datePublished":"2024-08-05T20:48:46+00:00","dateModified":"2024-10-29T16:29:01+00:00","breadcrumb":{"@id":"https:\/\/aringserv.com\/aweb\/servicios\/#breadcrumb"},"inLanguage":"es-CO","potentialAction":[{"@type":"ReadAction","target":["https:\/\/aringserv.com\/aweb\/servicios\/"]}]},{"@type":"ImageObject","inLanguage":"es-CO","@id":"https:\/\/aringserv.com\/aweb\/servicios\/#primaryimage","url":"https:\/\/aringserv.com\/aweb\/wp-content\/uploads\/2024\/08\/img-arquitectura.jpg","contentUrl":"https:\/\/aringserv.com\/aweb\/wp-content\/uploads\/2024\/08\/img-arquitectura.jpg","width":400,"height":251,"caption":"arquitectura"},{"@type":"BreadcrumbList","@id":"https:\/\/aringserv.com\/aweb\/servicios\/#breadcrumb","itemListElement":[{"@type":"ListItem","position":1,"name":"Inicio","item":"https:\/\/aringserv.com\/aweb\/"},{"@type":"ListItem","position":2,"name":"Servicios"}]},{"@type":"WebSite","@id":"https:\/\/aringserv.com\/aweb\/#website","url":"https:\/\/aringserv.com\/aweb\/","name":"ARINGSERV","description":"ARQUITECTURA \u2013 INGENIERIAS \u2013 TIC \u2013 CONSTRUCCIONES ASESOR\u00cdAS \u2013 SERVICIOS - TR\u00c1MITES","potentialAction":[{"@type":"SearchAction","target":{"@type":"EntryPoint","urlTemplate":"https:\/\/aringserv.com\/aweb\/?s={search_term_string}"},"query-input":{"@type":"PropertyValueSpecification","valueRequired":true,"valueName":"search_term_string"}}],"inLanguage":"es-CO"}]}},"_links":{"self":[{"href":"https:\/\/aringserv.com\/aweb\/wp-json\/wp\/v2\/pages\/221","targetHints":{"allow":["GET"]}}],"collection":[{"href":"https:\/\/aringserv.com\/aweb\/wp-json\/wp\/v2\/pages"}],"about":[{"href":"https:\/\/aringserv.com\/aweb\/wp-json\/wp\/v2\/types\/page"}],"author":[{"embeddable":true,"href":"https:\/\/aringserv.com\/aweb\/wp-json\/wp\/v2\/users\/1"}],"replies":[{"embeddable":true,"href":"https:\/\/aringserv.com\/aweb\/wp-json\/wp\/v2\/comments?post=221"}],"version-history":[{"count":43,"href":"https:\/\/aringserv.com\/aweb\/wp-json\/wp\/v2\/pages\/221\/revisions"}],"predecessor-version":[{"id":337,"href":"https:\/\/aringserv.com\/aweb\/wp-json\/wp\/v2\/pages\/221\/revisions\/337"}],"wp:attachment":[{"href":"https:\/\/aringserv.com\/aweb\/wp-json\/wp\/v2\/media?parent=221"}],"curies":[{"name":"wp","href":"https:\/\/api.w.org\/{rel}","templated":true}]}}