{"id":98,"date":"2023-06-13T10:37:16","date_gmt":"2023-06-13T10:37:16","guid":{"rendered":"https:\/\/fihnec.com.co\/?page_id=5"},"modified":"2024-09-13T10:30:35","modified_gmt":"2024-09-13T15:30:35","slug":"quienes-somos","status":"publish","type":"page","link":"https:\/\/aringserv.com\/aweb\/quienes-somos\/","title":{"rendered":"Quienes somos"},"content":{"rendered":"\t\t<div data-elementor-type=\"wp-page\" data-elementor-id=\"98\" class=\"elementor elementor-98\">\n\t\t\t\t\t\t<section class=\"elementor-section elementor-top-section elementor-element elementor-element-29fdcca elementor-section-full_width elementor-section-stretched elementor-section-height-default elementor-section-height-default\" data-id=\"29fdcca\" data-element_type=\"section\" data-settings=\"{&quot;stretch_section&quot;:&quot;section-stretched&quot;,&quot;background_background&quot;:&quot;classic&quot;}\">\n\t\t\t\t\t\t<div class=\"elementor-container elementor-column-gap-no\">\n\t\t\t\t\t<div class=\"elementor-column elementor-col-100 elementor-top-column elementor-element elementor-element-5eb2b8d\" data-id=\"5eb2b8d\" data-element_type=\"column\">\n\t\t\t<div class=\"elementor-widget-wrap elementor-element-populated\">\n\t\t\t\t\t\t<section class=\"elementor-section elementor-inner-section elementor-element elementor-element-a0b9e6b elementor-section-full_width elementor-section-height-default elementor-section-height-default\" data-id=\"a0b9e6b\" data-element_type=\"section\">\n\t\t\t\t\t\t<div class=\"elementor-container elementor-column-gap-default\">\n\t\t\t\t\t<div class=\"elementor-column elementor-col-50 elementor-inner-column elementor-element elementor-element-d421165\" data-id=\"d421165\" data-element_type=\"column\" data-settings=\"{&quot;background_background&quot;:&quot;classic&quot;}\">\n\t\t\t<div class=\"elementor-widget-wrap elementor-element-populated\">\n\t\t\t\t\t\t<div class=\"elementor-element elementor-element-d378e75 elementor-widget elementor-widget-heading\" data-id=\"d378e75\" data-element_type=\"widget\" data-widget_type=\"heading.default\">\n\t\t\t\t<div class=\"elementor-widget-container\">\n\t\t\t<style>\/*! elementor - v3.23.0 - 15-07-2024 *\/\n.elementor-heading-title{padding:0;margin:0;line-height:1}.elementor-widget-heading .elementor-heading-title[class*=elementor-size-]>a{color:inherit;font-size:inherit;line-height:inherit}.elementor-widget-heading .elementor-heading-title.elementor-size-small{font-size:15px}.elementor-widget-heading .elementor-heading-title.elementor-size-medium{font-size:19px}.elementor-widget-heading .elementor-heading-title.elementor-size-large{font-size:29px}.elementor-widget-heading .elementor-heading-title.elementor-size-xl{font-size:39px}.elementor-widget-heading .elementor-heading-title.elementor-size-xxl{font-size:59px}<\/style><h6 class=\"elementor-heading-title elementor-size-default\">ARINGSERV<\/h6>\t\t<\/div>\n\t\t\t\t<\/div>\n\t\t\t\t<div class=\"elementor-element elementor-element-704027f elementor-widget elementor-widget-heading\" data-id=\"704027f\" data-element_type=\"widget\" data-widget_type=\"heading.default\">\n\t\t\t\t<div class=\"elementor-widget-container\">\n\t\t\t<h2 class=\"elementor-heading-title elementor-size-default\">Profesionales <span style=\"color:#D94D20\">a<\/span> su servicio<\/h2>\t\t<\/div>\n\t\t\t\t<\/div>\n\t\t\t\t\t<\/div>\n\t\t<\/div>\n\t\t\t\t<div class=\"elementor-column elementor-col-50 elementor-inner-column elementor-element elementor-element-53ab997\" data-id=\"53ab997\" data-element_type=\"column\">\n\t\t\t<div class=\"elementor-widget-wrap\">\n\t\t\t\t\t\t\t<\/div>\n\t\t<\/div>\n\t\t\t\t\t<\/div>\n\t\t<\/section>\n\t\t\t\t\t<\/div>\n\t\t<\/div>\n\t\t\t\t\t<\/div>\n\t\t<\/section>\n\t\t\t\t<section class=\"elementor-section elementor-top-section elementor-element elementor-element-cbed458 elementor-section-stretched elementor-section-boxed elementor-section-height-default elementor-section-height-default\" data-id=\"cbed458\" data-element_type=\"section\" data-settings=\"{&quot;stretch_section&quot;:&quot;section-stretched&quot;}\">\n\t\t\t\t\t\t<div class=\"elementor-container elementor-column-gap-wider\">\n\t\t\t\t\t<div class=\"elementor-column elementor-col-100 elementor-top-column elementor-element elementor-element-d33655d\" data-id=\"d33655d\" data-element_type=\"column\">\n\t\t\t<div class=\"elementor-widget-wrap elementor-element-populated\">\n\t\t\t\t\t\t<section class=\"elementor-section elementor-inner-section elementor-element elementor-element-cd5018a elementor-section-boxed elementor-section-height-default elementor-section-height-default\" data-id=\"cd5018a\" data-element_type=\"section\">\n\t\t\t\t\t\t<div class=\"elementor-container elementor-column-gap-default\">\n\t\t\t\t\t<div class=\"elementor-column elementor-col-100 elementor-inner-column elementor-element elementor-element-7a9f4a9\" data-id=\"7a9f4a9\" data-element_type=\"column\">\n\t\t\t<div class=\"elementor-widget-wrap elementor-element-populated\">\n\t\t\t\t\t\t<div class=\"elementor-element elementor-element-af74d36 elementor-widget elementor-widget-heading\" data-id=\"af74d36\" data-element_type=\"widget\" data-widget_type=\"heading.default\">\n\t\t\t\t<div class=\"elementor-widget-container\">\n\t\t\t<h6 class=\"elementor-heading-title elementor-size-default\">Nuestra raz\u00f3n social<\/h6>\t\t<\/div>\n\t\t\t\t<\/div>\n\t\t\t\t<div class=\"elementor-element elementor-element-ce60cfe elementor-widget elementor-widget-heading\" data-id=\"ce60cfe\" data-element_type=\"widget\" data-widget_type=\"heading.default\">\n\t\t\t\t<div class=\"elementor-widget-container\">\n\t\t\t<h2 class=\"elementor-heading-title elementor-size-default\">Arquitectura \u2013 Ingenier\u00edas \u2013 Servicios \u2013 SAS., con sigla ARINGSERV. SAS.<\/h2>\t\t<\/div>\n\t\t\t\t<\/div>\n\t\t\t\t<div class=\"elementor-element elementor-element-a8bab21 elementor-widget elementor-widget-text-editor\" data-id=\"a8bab21\" data-element_type=\"widget\" data-widget_type=\"text-editor.default\">\n\t\t\t\t<div class=\"elementor-widget-container\">\n\t\t\t<style>\/*! elementor - v3.23.0 - 15-07-2024 *\/\n.elementor-widget-text-editor.elementor-drop-cap-view-stacked .elementor-drop-cap{background-color:#69727d;color:#fff}.elementor-widget-text-editor.elementor-drop-cap-view-framed .elementor-drop-cap{color:#69727d;border:3px solid;background-color:transparent}.elementor-widget-text-editor:not(.elementor-drop-cap-view-default) .elementor-drop-cap{margin-top:8px}.elementor-widget-text-editor:not(.elementor-drop-cap-view-default) .elementor-drop-cap-letter{width:1em;height:1em}.elementor-widget-text-editor .elementor-drop-cap{float:left;text-align:center;line-height:1;font-size:50px}.elementor-widget-text-editor .elementor-drop-cap-letter{display:inline-block}<\/style>\t\t\t\t<p>Somos una empresa de profesionales interdisciplinarios agrupados para prestarle un servicio de alta calidad, con tecnolog\u00eda contempor\u00e1nea, con gran experiencia comprobada, en Arquitectura, Ingenier\u00edas, construcci\u00f3n, y servicios referentes.<\/p><p>Nos mueve el deseo de servirles con responsabilidad, seriedad, y cumplimiento en todos los servicios que le ofrecemos.<\/p><p>Ofrecemos las garant\u00edas de ley exigidas por las entidades de control de nuestro pa\u00eds Colombia, como tambi\u00e9n la de los pa\u00edses donde prestamos nuestros servicios.<\/p><p>Somos <strong>Profesionales a su servicio.<\/strong><\/p>\t\t\t\t\t\t<\/div>\n\t\t\t\t<\/div>\n\t\t\t\t\t<\/div>\n\t\t<\/div>\n\t\t\t\t\t<\/div>\n\t\t<\/section>\n\t\t\t\t\t<\/div>\n\t\t<\/div>\n\t\t\t\t\t<\/div>\n\t\t<\/section>\n\t\t\t\t<\/div>\n\t\t","protected":false},"excerpt":{"rendered":"<p>ARINGSERV Profesionales a su servicio Nuestra raz\u00f3n social Arquitectura \u2013 Ingenier\u00edas \u2013 Servicios \u2013 SAS., con sigla ARINGSERV. SAS. Somos una empresa de profesionales interdisciplinarios agrupados<span class=\"excerpt-hellip\"> [\u2026]<\/span><\/p>\n","protected":false},"author":1,"featured_media":0,"parent":0,"menu_order":0,"comment_status":"open","ping_status":"closed","template":"","meta":{"footnotes":""},"class_list":["post-98","page","type-page","status-publish","hentry"],"yoast_head":"<!-- This site is optimized with the Yoast SEO plugin v23.7 - https:\/\/yoast.com\/wordpress\/plugins\/seo\/ -->\n<title>Quienes somos - ARINGSERV<\/title>\n<meta name=\"robots\" content=\"index, follow, max-snippet:-1, max-image-preview:large, max-video-preview:-1\" \/>\n<link rel=\"canonical\" href=\"https:\/\/aringserv.com\/aweb\/quienes-somos\/\" \/>\n<meta property=\"og:locale\" content=\"es_ES\" \/>\n<meta property=\"og:type\" content=\"article\" \/>\n<meta property=\"og:title\" content=\"Quienes somos - ARINGSERV\" \/>\n<meta property=\"og:description\" content=\"ARINGSERV Profesionales a su servicio Nuestra raz\u00f3n social Arquitectura \u2013 Ingenier\u00edas \u2013 Servicios \u2013 SAS., con sigla ARINGSERV. SAS. Somos una empresa de profesionales interdisciplinarios agrupados [\u2026]\" \/>\n<meta property=\"og:url\" content=\"https:\/\/aringserv.com\/aweb\/quienes-somos\/\" \/>\n<meta property=\"og:site_name\" content=\"ARINGSERV\" \/>\n<meta property=\"article:modified_time\" content=\"2024-09-13T15:30:35+00:00\" \/>\n<meta name=\"twitter:card\" content=\"summary_large_image\" \/>\n<meta name=\"twitter:label1\" content=\"Tiempo de lectura\" \/>\n\t<meta name=\"twitter:data1\" content=\"1 minuto\" \/>\n<script type=\"application\/ld+json\" class=\"yoast-schema-graph\">{\"@context\":\"https:\/\/schema.org\",\"@graph\":[{\"@type\":\"WebPage\",\"@id\":\"https:\/\/aringserv.com\/aweb\/quienes-somos\/\",\"url\":\"https:\/\/aringserv.com\/aweb\/quienes-somos\/\",\"name\":\"Quienes somos - ARINGSERV\",\"isPartOf\":{\"@id\":\"https:\/\/aringserv.com\/aweb\/#website\"},\"datePublished\":\"2023-06-13T10:37:16+00:00\",\"dateModified\":\"2024-09-13T15:30:35+00:00\",\"breadcrumb\":{\"@id\":\"https:\/\/aringserv.com\/aweb\/quienes-somos\/#breadcrumb\"},\"inLanguage\":\"es-CO\",\"potentialAction\":[{\"@type\":\"ReadAction\",\"target\":[\"https:\/\/aringserv.com\/aweb\/quienes-somos\/\"]}]},{\"@type\":\"BreadcrumbList\",\"@id\":\"https:\/\/aringserv.com\/aweb\/quienes-somos\/#breadcrumb\",\"itemListElement\":[{\"@type\":\"ListItem\",\"position\":1,\"name\":\"Inicio\",\"item\":\"https:\/\/aringserv.com\/aweb\/\"},{\"@type\":\"ListItem\",\"position\":2,\"name\":\"Quienes somos\"}]},{\"@type\":\"WebSite\",\"@id\":\"https:\/\/aringserv.com\/aweb\/#website\",\"url\":\"https:\/\/aringserv.com\/aweb\/\",\"name\":\"ARINGSERV\",\"description\":\"ARQUITECTURA \u2013 INGENIERIAS \u2013 TIC \u2013 CONSTRUCCIONES ASESOR\u00cdAS \u2013 SERVICIOS - TR\u00c1MITES\",\"potentialAction\":[{\"@type\":\"SearchAction\",\"target\":{\"@type\":\"EntryPoint\",\"urlTemplate\":\"https:\/\/aringserv.com\/aweb\/?s={search_term_string}\"},\"query-input\":{\"@type\":\"PropertyValueSpecification\",\"valueRequired\":true,\"valueName\":\"search_term_string\"}}],\"inLanguage\":\"es-CO\"}]}<\/script>\n<!-- \/ Yoast SEO plugin. -->","yoast_head_json":{"title":"Quienes somos - ARINGSERV","robots":{"index":"index","follow":"follow","max-snippet":"max-snippet:-1","max-image-preview":"max-image-preview:large","max-video-preview":"max-video-preview:-1"},"canonical":"https:\/\/aringserv.com\/aweb\/quienes-somos\/","og_locale":"es_ES","og_type":"article","og_title":"Quienes somos - ARINGSERV","og_description":"ARINGSERV Profesionales a su servicio Nuestra raz\u00f3n social Arquitectura \u2013 Ingenier\u00edas \u2013 Servicios \u2013 SAS., con sigla ARINGSERV. SAS. Somos una empresa de profesionales interdisciplinarios agrupados [\u2026]","og_url":"https:\/\/aringserv.com\/aweb\/quienes-somos\/","og_site_name":"ARINGSERV","article_modified_time":"2024-09-13T15:30:35+00:00","twitter_card":"summary_large_image","twitter_misc":{"Tiempo de lectura":"1 minuto"},"schema":{"@context":"https:\/\/schema.org","@graph":[{"@type":"WebPage","@id":"https:\/\/aringserv.com\/aweb\/quienes-somos\/","url":"https:\/\/aringserv.com\/aweb\/quienes-somos\/","name":"Quienes somos - ARINGSERV","isPartOf":{"@id":"https:\/\/aringserv.com\/aweb\/#website"},"datePublished":"2023-06-13T10:37:16+00:00","dateModified":"2024-09-13T15:30:35+00:00","breadcrumb":{"@id":"https:\/\/aringserv.com\/aweb\/quienes-somos\/#breadcrumb"},"inLanguage":"es-CO","potentialAction":[{"@type":"ReadAction","target":["https:\/\/aringserv.com\/aweb\/quienes-somos\/"]}]},{"@type":"BreadcrumbList","@id":"https:\/\/aringserv.com\/aweb\/quienes-somos\/#breadcrumb","itemListElement":[{"@type":"ListItem","position":1,"name":"Inicio","item":"https:\/\/aringserv.com\/aweb\/"},{"@type":"ListItem","position":2,"name":"Quienes somos"}]},{"@type":"WebSite","@id":"https:\/\/aringserv.com\/aweb\/#website","url":"https:\/\/aringserv.com\/aweb\/","name":"ARINGSERV","description":"ARQUITECTURA \u2013 INGENIERIAS \u2013 TIC \u2013 CONSTRUCCIONES ASESOR\u00cdAS \u2013 SERVICIOS - TR\u00c1MITES","potentialAction":[{"@type":"SearchAction","target":{"@type":"EntryPoint","urlTemplate":"https:\/\/aringserv.com\/aweb\/?s={search_term_string}"},"query-input":{"@type":"PropertyValueSpecification","valueRequired":true,"valueName":"search_term_string"}}],"inLanguage":"es-CO"}]}},"_links":{"self":[{"href":"https:\/\/aringserv.com\/aweb\/wp-json\/wp\/v2\/pages\/98","targetHints":{"allow":["GET"]}}],"collection":[{"href":"https:\/\/aringserv.com\/aweb\/wp-json\/wp\/v2\/pages"}],"about":[{"href":"https:\/\/aringserv.com\/aweb\/wp-json\/wp\/v2\/types\/page"}],"author":[{"embeddable":true,"href":"https:\/\/aringserv.com\/aweb\/wp-json\/wp\/v2\/users\/1"}],"replies":[{"embeddable":true,"href":"https:\/\/aringserv.com\/aweb\/wp-json\/wp\/v2\/comments?post=98"}],"version-history":[{"count":10,"href":"https:\/\/aringserv.com\/aweb\/wp-json\/wp\/v2\/pages\/98\/revisions"}],"predecessor-version":[{"id":304,"href":"https:\/\/aringserv.com\/aweb\/wp-json\/wp\/v2\/pages\/98\/revisions\/304"}],"wp:attachment":[{"href":"https:\/\/aringserv.com\/aweb\/wp-json\/wp\/v2\/media?parent=98"}],"curies":[{"name":"wp","href":"https:\/\/api.w.org\/{rel}","templated":true}]}}